{"id":983,"date":"2022-02-22T13:37:54","date_gmt":"2022-02-22T12:37:54","guid":{"rendered":"https:\/\/www.raz-ol.de\/?page_id=983"},"modified":"2022-09-06T11:36:55","modified_gmt":"2022-09-06T09:36:55","slug":"programm","status":"publish","type":"page","link":"https:\/\/www.raz-ol.de\/en\/nutzen-tag-der-kreativen-zwischennutzung\/programm\/","title":{"rendered":"Program"},"content":{"rendered":"<h1 class=\"has-larger-font-size wp-block-heading\" id=\"tag-der-kreativen-zwischennutzung25-02-2022-kostenlos-anmeldung-unten\">Day of creative interim use<br>25.02.2022<\/h1>\n\n\n\n<figure class=\"wp-block-gallery has-nested-images columns-default is-cropped wp-block-gallery-1 is-layout-flex wp-block-gallery-is-layout-flex\">\n<figure class=\"wp-block-image size-full\"><img loading=\"lazy\" decoding=\"async\" width=\"2560\" height=\"1700\" data-id=\"903\" src=\"https:\/\/www.raz-ol.de\/wp-content\/uploads\/220202_RZ_RAZ_Kampagne_Event_02-2022_Web_Hero_2560_1700px.jpg\" alt=\"\" class=\"wp-image-903\" srcset=\"https:\/\/www.raz-ol.de\/wp-content\/uploads\/220202_RZ_RAZ_Kampagne_Event_02-2022_Web_Hero_2560_1700px.jpg 2560w, https:\/\/www.raz-ol.de\/wp-content\/uploads\/220202_RZ_RAZ_Kampagne_Event_02-2022_Web_Hero_2560_1700px-300x199.jpg 300w, https:\/\/www.raz-ol.de\/wp-content\/uploads\/220202_RZ_RAZ_Kampagne_Event_02-2022_Web_Hero_2560_1700px-150x100.jpg 150w, https:\/\/www.raz-ol.de\/wp-content\/uploads\/220202_RZ_RAZ_Kampagne_Event_02-2022_Web_Hero_2560_1700px-768x510.jpg 768w, https:\/\/www.raz-ol.de\/wp-content\/uploads\/220202_RZ_RAZ_Kampagne_Event_02-2022_Web_Hero_2560_1700px-1536x1020.jpg 1536w, https:\/\/www.raz-ol.de\/wp-content\/uploads\/220202_RZ_RAZ_Kampagne_Event_02-2022_Web_Hero_2560_1700px-2048x1360.jpg 2048w, https:\/\/www.raz-ol.de\/wp-content\/uploads\/220202_RZ_RAZ_Kampagne_Event_02-2022_Web_Hero_2560_1700px-540x359.jpg 540w, https:\/\/www.raz-ol.de\/wp-content\/uploads\/220202_RZ_RAZ_Kampagne_Event_02-2022_Web_Hero_2560_1700px-1080x717.jpg 1080w, https:\/\/www.raz-ol.de\/wp-content\/uploads\/220202_RZ_RAZ_Kampagne_Event_02-2022_Web_Hero_2560_1700px-1980x1315.jpg 1980w\" sizes=\"auto, (max-width: 2560px) 100vw, 2560px\" \/><\/figure>\n<\/figure>\n\n\n\n<h2 class=\"alignfull has-text-align-left wp-block-heading\" id=\"zwischenraum-hannover-zwischenzeitzentrale-bremen-creative-mass-oldenburger-portal-ausstellung-offenes-atelier\">ZWischenraum HAnnover \u2014 Zwischenzeitzentrale Bremen \u2014 creative Mass \u2014 oldenburger portal \u2014 Ausstellung \u2014 offenes atelier<\/h2>\n\n\n\n<h3 class=\"has-accent-color has-text-color wp-block-heading\" id=\"14-00-17-00-freie-begehung\" style=\"font-size:22px\"><span style=\"text-decoration: underline;\">14.00 &#8211; 17.00: freie Begehung. <\/span><\/h3>\n\n\n\n<p class=\"has-normal-font-size\" id=\"programm\"><strong>Startpunkt:<\/strong> Lange Str. 74, Oldenburger Innenstadt. Hier gibt es B\u00e4ndchen, um dann alle R\u00e4ume betreten zu k\u00f6nnen.<\/p>\n\n\n\n<p class=\"has-normal-font-size\"><strong>Lange Str. 74 \/\/&nbsp;<\/strong><br>Exhibition Zwischen_nutzen. with local artists &amp; initiatives <\/p>\n\n\n\n<div class=\"wp-block-buttons is-layout-flex wp-block-buttons-is-layout-flex\">\n<div class=\"wp-block-button is-style-outline is-style-outline--2\"><a class=\"wp-block-button__link\" href=\"https:\/\/www.raz-ol.de\/en\/projekte-2\/\" target=\"_blank\" rel=\"noreferrer noopener\">interim_use.<\/a><\/div>\n<\/div>\n\n\n\n<p class=\"has-normal-font-size\">&amp; Vorstellung der Zwischennutzungsagentur Zwischenraum aus Hannover<\/p>\n\n\n\n<div class=\"wp-block-buttons is-layout-flex wp-block-buttons-is-layout-flex\">\n<div class=\"wp-block-button is-style-outline is-style-outline--3\"><a class=\"wp-block-button__link\" href=\"https:\/\/zwischenraum-hannover.de\/\" target=\"_blank\" rel=\"noreferrer noopener\">Zwischenraum Hannover<\/a><\/div>\n<\/div>\n\n\n\n<p class=\"has-normal-font-size\"><strong>Staustr. 16<\/strong> \/\/<br>open studio of a group of artists from Oldenburg<\/p>\n\n\n\n<div class=\"wp-block-buttons is-layout-flex wp-block-buttons-is-layout-flex\">\n<div class=\"wp-block-button is-style-outline is-style-outline--4\"><a class=\"wp-block-button__link\" href=\"https:\/\/www.instagram.com\/einfach.nein.ol\/\" target=\"_blank\" rel=\"noreferrer noopener\">Einfach Nein<\/a><\/div>\n<\/div>\n\n\n\n<p class=\"has-normal-font-size\">&amp; Vorstellung der Zwischennutzungsagentur ZwischenZeitZentrale aus Bremen<\/p>\n\n\n\n<div class=\"wp-block-buttons is-layout-flex wp-block-buttons-is-layout-flex\">\n<div class=\"wp-block-button is-style-outline is-style-outline--5\"><a class=\"wp-block-button__link\" href=\"https:\/\/www.zzz-bremen.de\/ueber-uns\/\" target=\"_blank\" rel=\"noreferrer noopener\">ZwischenZeitZentrale Bremen<\/a><\/div>\n<\/div>\n\n\n\n<p class=\"has-normal-font-size\"><strong>Baumgartenstr. 12 \/\/<\/strong><br>Oldenburgs Kreative stellen sich vor: Oldenburger Portal und Creative Mass<\/p>\n\n\n\n<div class=\"wp-block-buttons is-layout-flex wp-block-buttons-is-layout-flex\">\n<div class=\"wp-block-button is-style-outline is-style-outline--6\"><a class=\"wp-block-button__link\" href=\"https:\/\/oldenburger-portal.de\/\" target=\"_blank\" rel=\"noreferrer noopener\">Oldenburger Portal<\/a><\/div>\n\n\n\n<div class=\"wp-block-button is-style-outline is-style-outline--7\"><a class=\"wp-block-button__link\" href=\"https:\/\/www.creative-mass.de\/ueber-uns\/\" target=\"_blank\" rel=\"noreferrer noopener\">Creative Mass<\/a><\/div>\n<\/div>\n\n\n\n<hr class=\"wp-block-separator\"\/>\n\n\n\n<h2 class=\"alignfull has-text-align-right wp-block-heading\" id=\"ein-aussergewohnliches-ereignis-the-hidden-art-project-die-komplette-palette-watt-en-schlick\">An extraordinary event -The Hidden art project - the complete palette - Watt en Schlick<\/h2>\n\n\n\n<h3 class=\"has-accent-color has-text-color wp-block-heading\" id=\"17-00-23-00-veranstaltung-vortrage-austausch-und-get-together\" style=\"font-size:22px\"><span style=\"text-decoration: underline;\"><strong>17.00 - 23.00: Event: Lectures, exchange and get together<\/strong>.<\/span><\/h3>\n\n\n\n<p class=\"has-normal-font-size\" id=\"17-00-23-00-vortrage-und-get-together-in-der-lange-str-74\"><strong>Lange Str. 74 \/\/<\/strong> Participatory lectures by pioneers of interim use - inspiration and encounter.<br>Mit funky Begleitmusik, Kunstausstellung, Drinks und Gaumenschmaus.<\/p>\n\n\n\n<p class=\"has-normal-font-size\"><strong>17.00 &#8211; 17.15 <\/strong>RAUM AUF ZEIT stellt sich vor &#8211; Michael Hagemeister, Pia Wienholt, Verena Schweicher <\/p>\n\n\n\n<div class=\"wp-block-buttons is-layout-flex wp-block-buttons-is-layout-flex\">\n<div class=\"wp-block-button is-style-outline is-style-outline--8\"><a class=\"wp-block-button__link\" href=\"https:\/\/www.raz-ol.de\/en\/\" target=\"_blank\" rel=\"noreferrer noopener\">RAUM AUF ZEIT<\/a><\/div>\n<\/div>\n\n\n\n<p class=\"has-normal-font-size\"><strong>17.15 &#8211; 18.00:  <\/strong>Vortrag und Publikumsgespr\u00e4ch mit Gesine Geppert &#8211; Ein Au\u00dfergew\u00f6hnliches Ereignis (Freizeitl\u00e4rm e.V.)<\/p>\n\n\n\n<div class=\"wp-block-buttons is-layout-flex wp-block-buttons-is-layout-flex\">\n<div class=\"wp-block-button is-style-outline is-style-outline--9\"><a class=\"wp-block-button__link\" href=\"https:\/\/www.klappstuhltage.de\/programm\/eae\/\" target=\"_blank\" rel=\"noreferrer noopener\">An Extraordinary Event (Freizeitl\u00e4rm e.V.) Oldenburg<\/a><\/div>\n<\/div>\n\n\n\n<p class=\"has-normal-font-size\"><strong>18.15 &#8211; 19:00:  <\/strong>Vortrag und Publikumsgespr\u00e4ch mit Immo Wischhusen &#8211; Die Komplette Palette<\/p>\n\n\n\n<div class=\"wp-block-buttons is-layout-flex wp-block-buttons-is-layout-flex\">\n<div class=\"wp-block-button is-style-outline is-style-outline--10\"><a class=\"wp-block-button__link\" href=\"https:\/\/dkp.online\/\" target=\"_blank\" rel=\"noreferrer noopener\">Die Komplette Palette Bremen<\/a><\/div>\n<\/div>\n\n\n\n<h2 class=\"has-normal-font-size wp-block-heading\" id=\"pause\">PAUSE<\/h2>\n\n\n\n<p class=\"has-normal-font-size\"><strong>20.00 &#8211; 20.45:  <\/strong>Vortrag und Publikumsgespr\u00e4ch mit Till Kr\u00e4geloh &#8211; Watt en Schlick Fest<\/p>\n\n\n\n<div class=\"wp-block-buttons is-layout-flex wp-block-buttons-is-layout-flex\">\n<div class=\"wp-block-button is-style-outline is-style-outline--11\"><a class=\"wp-block-button__link\" href=\"https:\/\/www.wattenschlick.de\/\" target=\"_blank\" rel=\"noreferrer noopener\">Watt en Schlick Festival Dangast<\/a><\/div>\n<\/div>\n\n\n\n<p class=\"has-normal-font-size\"><strong>21.00 &#8211; 21.45:  <\/strong>Vortrag und Publikumsgespr\u00e4ch mit Hauke Beck und Sven M\u00fcller &#8211; The Hidden Art Project<\/p>\n\n\n\n<div class=\"wp-block-buttons is-layout-flex wp-block-buttons-is-layout-flex\">\n<div class=\"wp-block-button is-style-outline is-style-outline--12\"><a class=\"wp-block-button__link\" href=\"https:\/\/www.thehiddenartproject.de\/\" target=\"_blank\" rel=\"noreferrer noopener\">The Hidden Art Project Oldenburg<\/a><\/div>\n<\/div>\n\n\n\n<hr class=\"wp-block-separator\"\/>\n\n\n\n<p class=\"has-normal-font-size\"><strong><span style=\"text-decoration: underline;\">Corona-Regeln<\/span><span style=\"text-decoration: underline;\"><\/span><\/strong><br>Es gilt 2G und FFP2-Maskenpflicht. Kommt gerne mit tagesaktuellem Schnelltest.<\/p>","protected":false},"excerpt":{"rendered":"<p>Tag der kreativen Zwischennutzung25.02.2022 ZWischenraum HAnnover \u2014 Zwischenzeitzentrale Bremen \u2014 creative Mass \u2014 oldenburger portal \u2014 Ausstellung \u2014 offenes atelier 14.00 &#8211; 17.00: freie Begehung. Startpunkt: Lange Str.&hellip;<\/p>","protected":false},"author":7,"featured_media":0,"parent":796,"menu_order":2,"comment_status":"closed","ping_status":"closed","template":"template-full-width.php","meta":{"inline_featured_image":false,"_monsterinsights_skip_tracking":false,"_monsterinsights_sitenote_active":false,"_monsterinsights_sitenote_note":"","_monsterinsights_sitenote_category":0,"footnotes":""},"class_list":["post-983","page","type-page","status-publish","has-post-thumbnail","hentry"],"aioseo_notices":[],"jetpack_sharing_enabled":true,"_links":{"self":[{"href":"https:\/\/www.raz-ol.de\/en\/wp-json\/wp\/v2\/pages\/983","targetHints":{"allow":["GET"]}}],"collection":[{"href":"https:\/\/www.raz-ol.de\/en\/wp-json\/wp\/v2\/pages"}],"about":[{"href":"https:\/\/www.raz-ol.de\/en\/wp-json\/wp\/v2\/types\/page"}],"author":[{"embeddable":true,"href":"https:\/\/www.raz-ol.de\/en\/wp-json\/wp\/v2\/users\/7"}],"replies":[{"embeddable":true,"href":"https:\/\/www.raz-ol.de\/en\/wp-json\/wp\/v2\/comments?post=983"}],"version-history":[{"count":22,"href":"https:\/\/www.raz-ol.de\/en\/wp-json\/wp\/v2\/pages\/983\/revisions"}],"predecessor-version":[{"id":1279,"href":"https:\/\/www.raz-ol.de\/en\/wp-json\/wp\/v2\/pages\/983\/revisions\/1279"}],"up":[{"embeddable":true,"href":"https:\/\/www.raz-ol.de\/en\/wp-json\/wp\/v2\/pages\/796"}],"wp:attachment":[{"href":"https:\/\/www.raz-ol.de\/en\/wp-json\/wp\/v2\/media?parent=983"}],"curies":[{"name":"wp","href":"https:\/\/api.w.org\/{rel}","templated":true}]}}