{"id":616,"date":"2021-07-06T09:45:30","date_gmt":"2021-07-06T07:45:30","guid":{"rendered":"https:\/\/www.raz-ol.de\/?page_id=616"},"modified":"2022-09-06T11:34:21","modified_gmt":"2022-09-06T09:34:21","slug":"weiterfuehrende-links","status":"publish","type":"page","link":"https:\/\/www.raz-ol.de\/en\/weiterfuehrende-links\/","title":{"rendered":"Related links"},"content":{"rendered":"<h4 class=\"wp-block-heading\">RAUM AUF ZEIT on the net<\/h4>\n\n\n\n<p class=\"has-text-align-left\">Check out these links for more info on our work and below for an overview of organizations shaping cities through interim and vacant land use. <\/p>\n\n\n\n<p class=\"has-text-align-left\">Links zu unserem Social Media findest du oben im Header! Folgt uns auf Instagram, um auf dem Laufenden zu bleiben.<\/p>\n\n\n\n<h4 class=\"wp-block-heading\">Michael Hagemeister at Forum oeins: What will become of our city center?<\/h4>\n\n\n\n<p>Forum Economy from 03.12.2021 with Christoph Baak (CMO), Stefan Dieker (Brillenladen Die Diekers), Steffen Trawinski (City of oldenburg), Michael Hagemeister (RAZ)<\/p>\n\n\n\n<figure class=\"wp-block-embed is-type-video is-provider-youtube wp-block-embed-youtube wp-embed-aspect-16-9 wp-has-aspect-ratio\"><div class=\"wp-block-embed__wrapper\">\n<iframe loading=\"lazy\" title=\"Was wird aus unserer Innenstadt? | Forum Wirtschaft | 03.12.2021\" width=\"580\" height=\"326\" src=\"https:\/\/www.youtube.com\/embed\/9OcAwJqqTkg?feature=oembed\" frameborder=\"0\" allow=\"accelerometer; autoplay; clipboard-write; encrypted-media; gyroscope; picture-in-picture; web-share\" referrerpolicy=\"strict-origin-when-cross-origin\" allowfullscreen><\/iframe>\n<\/div><\/figure>\n\n\n\n<hr class=\"wp-block-separator\"\/>\n\n\n\n<h4 class=\"wp-block-heading\">Michael Hagemeister in conversation with the Stadtmuseum about interim use in Oldenburg<\/h4>\n\n\n\n<p>Michael Hagemeister informs in a conversation on 05.05.2021 with Sandrine Teuber about the possibility of interim use for cultural workers in vacant spaces in Oldenburg. <\/p>\n\n\n\n<figure class=\"wp-block-embed is-type-video is-provider-youtube wp-block-embed-youtube wp-embed-aspect-16-9 wp-has-aspect-ratio\"><div class=\"wp-block-embed__wrapper\">\n<iframe loading=\"lazy\" title=\"Zeit f\u00fcr was Neues - Gespr\u00e4chsreihe Oldenburg ver\u00e4ndern | Oldenburg erinnern\" width=\"580\" height=\"326\" src=\"https:\/\/www.youtube.com\/embed\/xS8Okr9c2kw?feature=oembed\" frameborder=\"0\" allow=\"accelerometer; autoplay; clipboard-write; encrypted-media; gyroscope; picture-in-picture; web-share\" referrerpolicy=\"strict-origin-when-cross-origin\" allowfullscreen><\/iframe>\n<\/div><\/figure>\n\n\n\n<h4 class=\"wp-block-heading\">Other organizations for interim use<\/h4>\n\n\n\n<div class=\"wp-block-buttons is-layout-flex wp-block-buttons-is-layout-flex\">\n<div class=\"wp-block-button is-style-outline is-style-outline--1\"><a class=\"wp-block-button__link\" href=\"https:\/\/www.zzz-bremen.de\/blog\/\" target=\"_blank\" rel=\"noreferrer noopener\">ZwischenZeitZentrale Bremen<\/a><\/div>\n\n\n\n<div class=\"wp-block-button is-style-outline is-style-outline--2\"><a class=\"wp-block-button__link\" href=\"https:\/\/zwischenraum-hannover.de\" target=\"_blank\" rel=\"noreferrer noopener\">Zwischenraum Hannover<\/a><\/div>\n\n\n\n<div class=\"wp-block-button is-style-outline is-style-outline--3\"><a class=\"wp-block-button__link\" href=\"https:\/\/whysoempty.webflow.io\" target=\"_blank\" rel=\"noreferrer noopener\">Why so empty? Kassel<\/a><\/div>\n\n\n\n<div class=\"wp-block-button is-style-outline is-style-outline--4\"><a class=\"wp-block-button__link\" href=\"http:\/\/www.haushalten.org\/de\/\" target=\"_blank\" rel=\"noreferrer noopener\">HausHalten e.V. Leipzig<\/a><\/div>\n\n\n\n<div class=\"wp-block-button is-style-outline is-style-outline--5\"><a class=\"wp-block-button__link\" href=\"http:\/\/team-zwischennutzungen.de\" target=\"_blank\" rel=\"noreferrer noopener\">Team Z Heidelberg<\/a><\/div>\n\n\n\n<div class=\"wp-block-button is-style-outline is-style-outline--6\"><a class=\"wp-block-button__link\" href=\"http:\/\/freiraum-ffm.de\" target=\"_blank\" rel=\"noreferrer noopener\">Freiraum Frankfurt<\/a><\/div>\n\n\n\n<div class=\"wp-block-button is-style-outline is-style-outline--7\"><a class=\"wp-block-button__link\" href=\"https:\/\/www.coopolis.de\" target=\"_blank\" rel=\"noreferrer noopener\">coopolis Berlin<\/a><\/div>\n\n\n\n<div class=\"wp-block-button is-style-outline is-style-outline--8\"><a class=\"wp-block-button__link\" href=\"https:\/\/blank-jena.de\" target=\"_blank\" rel=\"noreferrer noopener\">Blank Jena<\/a><\/div>\n\n\n\n<div class=\"wp-block-button is-style-outline is-style-outline--9\"><a class=\"wp-block-button__link\" href=\"http:\/\/laf-ev.de\/idee\/\" target=\"_blank\" rel=\"noreferrer noopener\">LAF Pforzheim<\/a><\/div>\n\n\n\n<div class=\"wp-block-button is-style-outline is-style-outline--10\"><a class=\"wp-block-button__link\" href=\"http:\/\/startraum-mannheim.de\" target=\"_blank\" rel=\"noreferrer noopener\">Startraum Mannheim<\/a><\/div>\n<\/div>\n\n\n\n<p><\/p>","protected":false},"excerpt":{"rendered":"<p>Raum auf Zeit im Netz Unter diesen Links findest du mehr Infos zu unserer Arbeit und unten eine \u00dcbersicht von Organisationen, die durch Zwischen- und Leerstandsnutzung Stadt gestalten.&hellip;<\/p>","protected":false},"author":7,"featured_media":0,"parent":0,"menu_order":0,"comment_status":"closed","ping_status":"closed","template":"template-full-width.php","meta":{"inline_featured_image":false,"_monsterinsights_skip_tracking":false,"_monsterinsights_sitenote_active":false,"_monsterinsights_sitenote_note":"","_monsterinsights_sitenote_category":0,"footnotes":""},"class_list":["post-616","page","type-page","status-publish","has-post-thumbnail","hentry"],"aioseo_notices":[],"jetpack_sharing_enabled":true,"_links":{"self":[{"href":"https:\/\/www.raz-ol.de\/en\/wp-json\/wp\/v2\/pages\/616","targetHints":{"allow":["GET"]}}],"collection":[{"href":"https:\/\/www.raz-ol.de\/en\/wp-json\/wp\/v2\/pages"}],"about":[{"href":"https:\/\/www.raz-ol.de\/en\/wp-json\/wp\/v2\/types\/page"}],"author":[{"embeddable":true,"href":"https:\/\/www.raz-ol.de\/en\/wp-json\/wp\/v2\/users\/7"}],"replies":[{"embeddable":true,"href":"https:\/\/www.raz-ol.de\/en\/wp-json\/wp\/v2\/comments?post=616"}],"version-history":[{"count":19,"href":"https:\/\/www.raz-ol.de\/en\/wp-json\/wp\/v2\/pages\/616\/revisions"}],"predecessor-version":[{"id":1276,"href":"https:\/\/www.raz-ol.de\/en\/wp-json\/wp\/v2\/pages\/616\/revisions\/1276"}],"wp:attachment":[{"href":"https:\/\/www.raz-ol.de\/en\/wp-json\/wp\/v2\/media?parent=616"}],"curies":[{"name":"wp","href":"https:\/\/api.w.org\/{rel}","templated":true}]}}