{"id":335,"date":"2020-12-22T14:50:40","date_gmt":"2020-12-22T13:50:40","guid":{"rendered":"https:\/\/www.raz-ol.de\/?page_id=335"},"modified":"2026-05-12T14:21:33","modified_gmt":"2026-05-12T12:21:33","slug":"unser-team","status":"publish","type":"page","link":"https:\/\/www.raz-ol.de\/en\/unser-team\/","title":{"rendered":"Our team"},"content":{"rendered":"<h3 class=\"wp-block-heading\">Our team<\/h3>\n\n\n\n<p>We think good ideas should be put into practice.&nbsp;<\/p>\n\n\n\n<p>We are happy to help you find the right space for your project in the form of interim use and advise you on the implementation and possible promotion of your idea. And that free of charge.&nbsp;<\/p>\n\n\n\n<p>The four of us are resourceful, creative and experimental in our mission to make interim use simply possible and are very much looking forward to meeting you!&nbsp;<\/p>\n\n\n\n<div class=\"wp-block-media-text alignwide has-media-on-the-right is-stacked-on-mobile\"><div class=\"wp-block-media-text__content\">\n<h4 class=\"wp-block-heading has-text-align-right\">Pia Wienholt     SHE\/ HER<\/h4>\n\n\n\n<h6 class=\"wp-block-heading has-text-align-right\">&#8211; GESELLSCHAFTERIN &amp; Gesch\u00e4ftsf\u00fchrend &#8211;<\/h6>\n\n\n\n<p class=\"has-text-align-right\">Pia is a cultural manager. Her heart beats for subculture. In order to offer people a space to realize their utopias, she joined RAUM AUF ZEIT. Because City for All means space for everyone. For participation. For more togetherness. For quality of life. For trying things out. For culture alongside high culture. For urban design by and with everyone.<\/p>\n\n\n\n<p class=\"has-text-align-right\"><br><strong>and other:<\/strong> <a href=\"https:\/\/www.instagram.com\/vielvielkollektiv\/\" title=\"\">www.instagram.com\/vielvielkollektiv\/<\/a><\/p>\n<\/div><figure class=\"wp-block-media-text__media\"><img loading=\"lazy\" decoding=\"async\" width=\"1400\" height=\"933\" src=\"https:\/\/www.raz-ol.de\/wp-content\/uploads\/DSC00549_Pia_Ret_1400_web.jpg\" alt=\"Foto von Pia Wienholt\" class=\"wp-image-390 size-full\" srcset=\"https:\/\/www.raz-ol.de\/wp-content\/uploads\/DSC00549_Pia_Ret_1400_web.jpg 1400w, https:\/\/www.raz-ol.de\/wp-content\/uploads\/DSC00549_Pia_Ret_1400_web-300x200.jpg 300w, https:\/\/www.raz-ol.de\/wp-content\/uploads\/DSC00549_Pia_Ret_1400_web-150x100.jpg 150w, https:\/\/www.raz-ol.de\/wp-content\/uploads\/DSC00549_Pia_Ret_1400_web-768x512.jpg 768w, https:\/\/www.raz-ol.de\/wp-content\/uploads\/DSC00549_Pia_Ret_1400_web-540x360.jpg 540w, https:\/\/www.raz-ol.de\/wp-content\/uploads\/DSC00549_Pia_Ret_1400_web-1080x720.jpg 1080w\" sizes=\"auto, (max-width: 1400px) 100vw, 1400px\" \/><\/figure><\/div>\n\n\n\n<div class=\"wp-block-media-text alignwide is-stacked-on-mobile\"><figure class=\"wp-block-media-text__media\"><img loading=\"lazy\" decoding=\"async\" width=\"1400\" height=\"1000\" src=\"https:\/\/www.raz-ol.de\/wp-content\/uploads\/RAZ-Mareike_Ret_1400_web.jpg\" alt=\"\" class=\"wp-image-1786 size-full\" srcset=\"https:\/\/www.raz-ol.de\/wp-content\/uploads\/RAZ-Mareike_Ret_1400_web.jpg 1400w, https:\/\/www.raz-ol.de\/wp-content\/uploads\/RAZ-Mareike_Ret_1400_web-300x214.jpg 300w, https:\/\/www.raz-ol.de\/wp-content\/uploads\/RAZ-Mareike_Ret_1400_web-150x107.jpg 150w, https:\/\/www.raz-ol.de\/wp-content\/uploads\/RAZ-Mareike_Ret_1400_web-768x549.jpg 768w, https:\/\/www.raz-ol.de\/wp-content\/uploads\/RAZ-Mareike_Ret_1400_web-540x386.jpg 540w, https:\/\/www.raz-ol.de\/wp-content\/uploads\/RAZ-Mareike_Ret_1400_web-1080x771.jpg 1080w\" sizes=\"auto, (max-width: 1400px) 100vw, 1400px\" \/><\/figure><div class=\"wp-block-media-text__content\">\n<h4 class=\"wp-block-heading\">Mareike Urfels        SHE\/ HER<\/h4>\n\n\n\n<h6 class=\"wp-block-heading\">&#8211; GESELLSCHAFTERIN &amp; Gesch\u00e4ftsf\u00fchrend &#8211;<\/h6>\n\n\n\n<p>Mareike ist Kulturwissenschaftlerin, organisiert schon lange Projekte zum Beispiel im Theater, in Ausstellungsh\u00e4usern und f\u00fcr soziale Initiativen, wie die KulturTafel Oldenburg. Bei RAUM AUF ZEIT ist sie im Kulturmanagement t\u00e4tig, weil sich kreative Zwischennutzung dem Wandel der St\u00e4dte widmet und f\u00fcr Kunst und Kultur und die Stadtgesellschaft neue Orte der Begegnung schafft. Stadt f\u00fcr alle. Raum f\u00fcr alle. Kultur f\u00fcr alle. RAZfatz!<\/p>\n\n\n\n<p><br><\/p>\n<\/div><\/div>\n\n\n\n<div class=\"wp-block-media-text alignwide has-media-on-the-right is-stacked-on-mobile\"><div class=\"wp-block-media-text__content\">\n<h4 class=\"wp-block-heading\">Michael Hagemeister        HE\/ HIM<\/h4>\n\n\n\n<h6 class=\"wp-block-heading\">&#8211; GesELLSCHAFTER &#8211;<\/h6>\n\n\n\n<p>Michael is a double bass player and cultural manager and founded RAZ. For him, vacancy is a SPACE ON TIME for all creative ideas... and a way to create free space for a common urban development.<\/p>\n\n\n\n<p><br><strong>and other:<\/strong>&nbsp;<a rel=\"noreferrer noopener\" href=\"http:\/\/www.staatstheater.de\/\" target=\"_blank\">www.staatstheater.de<\/a> <a rel=\"noreferrer noopener\" href=\"http:\/\/www.meisterkultur.de\/\" target=\"_blank\">www.meisterkultur.de<\/a><\/p>\n<\/div><figure class=\"wp-block-media-text__media\"><img loading=\"lazy\" decoding=\"async\" width=\"1400\" height=\"933\" src=\"https:\/\/www.raz-ol.de\/wp-content\/uploads\/RAZ-Michael_Ret_1400_web.jpg\" alt=\"\" class=\"wp-image-1787 size-full\" srcset=\"https:\/\/www.raz-ol.de\/wp-content\/uploads\/RAZ-Michael_Ret_1400_web.jpg 1400w, https:\/\/www.raz-ol.de\/wp-content\/uploads\/RAZ-Michael_Ret_1400_web-300x200.jpg 300w, https:\/\/www.raz-ol.de\/wp-content\/uploads\/RAZ-Michael_Ret_1400_web-150x100.jpg 150w, https:\/\/www.raz-ol.de\/wp-content\/uploads\/RAZ-Michael_Ret_1400_web-768x512.jpg 768w, https:\/\/www.raz-ol.de\/wp-content\/uploads\/RAZ-Michael_Ret_1400_web-540x360.jpg 540w, https:\/\/www.raz-ol.de\/wp-content\/uploads\/RAZ-Michael_Ret_1400_web-1080x720.jpg 1080w\" sizes=\"auto, (max-width: 1400px) 100vw, 1400px\" \/><\/figure><\/div>\n\n\n\n<p>You will find us in the Poly-Haus (Am Stadtmuseum 15, 2nd floor).<\/p>","protected":false},"excerpt":{"rendered":"<p>Unser Team Wir finden, gute Ideen sollten in die Tat umgesetzt werden.&nbsp; Gerne suchen wir daher mit Euch den passenden Raum f\u00fcr euer Vorhaben in Form von Zwischennutzungen&hellip;<\/p>","protected":false},"author":1,"featured_media":3436,"parent":0,"menu_order":2,"comment_status":"closed","ping_status":"closed","template":"template-full-width-cover.php","meta":{"inline_featured_image":false,"_monsterinsights_skip_tracking":false,"_monsterinsights_sitenote_active":false,"_monsterinsights_sitenote_note":"","_monsterinsights_sitenote_category":0,"footnotes":""},"class_list":["post-335","page","type-page","status-publish","has-post-thumbnail","hentry"],"aioseo_notices":[],"jetpack_sharing_enabled":true,"_links":{"self":[{"href":"https:\/\/www.raz-ol.de\/en\/wp-json\/wp\/v2\/pages\/335","targetHints":{"allow":["GET"]}}],"collection":[{"href":"https:\/\/www.raz-ol.de\/en\/wp-json\/wp\/v2\/pages"}],"about":[{"href":"https:\/\/www.raz-ol.de\/en\/wp-json\/wp\/v2\/types\/page"}],"author":[{"embeddable":true,"href":"https:\/\/www.raz-ol.de\/en\/wp-json\/wp\/v2\/users\/1"}],"replies":[{"embeddable":true,"href":"https:\/\/www.raz-ol.de\/en\/wp-json\/wp\/v2\/comments?post=335"}],"version-history":[{"count":80,"href":"https:\/\/www.raz-ol.de\/en\/wp-json\/wp\/v2\/pages\/335\/revisions"}],"predecessor-version":[{"id":3566,"href":"https:\/\/www.raz-ol.de\/en\/wp-json\/wp\/v2\/pages\/335\/revisions\/3566"}],"wp:featuredmedia":[{"embeddable":true,"href":"https:\/\/www.raz-ol.de\/en\/wp-json\/wp\/v2\/media\/3436"}],"wp:attachment":[{"href":"https:\/\/www.raz-ol.de\/en\/wp-json\/wp\/v2\/media?parent=335"}],"curies":[{"name":"wp","href":"https:\/\/api.w.org\/{rel}","templated":true}]}}