{"id":2319,"date":"2024-05-14T11:24:28","date_gmt":"2024-05-14T09:24:28","guid":{"rendered":"https:\/\/www.raz-ol.de\/?page_id=2319"},"modified":"2024-05-14T11:49:43","modified_gmt":"2024-05-14T09:49:43","slug":"techno-malen","status":"publish","type":"page","link":"https:\/\/www.raz-ol.de\/en\/placemaking\/techno-malen\/","title":{"rendered":"Techno &#038; Malen"},"content":{"rendered":"<h1 class=\"wp-block-heading has-larger-font-size\" id=\"tag-der-kreativen-zwischennutzung25-02-2022-kostenlos-anmeldung-unten\">Er\u00f6ffnungsevent 26.04.2024<br>RAUM AUF ZEIT II <br>Achternstra\u00dfe 22 <\/h1>\n\n\n\n<p><\/p>\n\n\n\n<p class=\"has-text-align-right has-larger-font-size\" id=\"pionier-innen-der-zwischennutzung-begegnung-offene-turen-aktueller-projekte-inspiration-austausch-after-show-party\">Von Februar bis Dezember 2024 hat RAUM AUF ZEIT den Leerstand Achternstr. 22 EG als zweiten Leerstand in der Innenstadt l\u00e4ngerfristig angemietet und gibt diesen Raum zu einer verg\u00fcnstigten Miete an kreative Zwischennutzungen weiter. Alle Zwischennutzungen sind rein kreativ und nicht wirtschaftlich ausgelegt und werden auf <a href=\"http:\/\/www.raz-ol.de\/en\/\">www.raz-ol.de<\/a> unter \u201cProjekte in R\u00e4umen auf Zeit\u201d angek\u00fcndigt. Spannende und vielseitige Kulturprojekte und die Belebung der Innenstadt sind das Ziel von RAUM AUF ZEIT.<\/p>\n\n\n\n<p class=\"has-text-align-right has-larger-font-size\" id=\"pionier-innen-der-zwischennutzung-begegnung-offene-turen-aktueller-projekte-inspiration-austausch-after-show-party\">Als Er\u00f6ffnungsevent fand &#8222;Techno &amp; Malen\u201d statt: Im Obergeschoss \u00f6ffneten f\u00fcnf K\u00fcnstler:innen ihr Atelier und zeigten ihre Arbeit, im EG konnten alle selbst bei einem Drink ein kollektives Kunstwerk malen und die ausgestellten Fotografien von Holger Harms bestaunen! F\u00fcr Musik sorgte das VIELVIEL Kollektiv! <\/p>\n\n\n\n<p class=\"has-text-align-right has-larger-font-size\" id=\"pionier-innen-der-zwischennutzung-begegnung-offene-turen-aktueller-projekte-inspiration-austausch-after-show-party\">VIELVIEL DANK an die DJs von <a href=\"https:\/\/www.instagram.com\/vielvielkollektiv\/\" target=\"_blank\" rel=\"noopener\" title=\"\">vielviel<\/a> f\u00fcr den Groove, <a href=\"https:\/\/holger-harms.com\/\" target=\"_blank\" rel=\"noopener\" title=\"\">Holger Harms<\/a> f\u00fcr das Event w\u00e4hrend seiner Zwischennutzung und den Fotografen <a href=\"https:\/\/henricus-photography.com\/\" target=\"_blank\" rel=\"noopener\" title=\"\">Henricus L\u00fcschen<\/a>, der kostenlos das freudige Ereignis in vielen vielen tollen Bildern f\u00fcr RAUM AUF ZEIT und Euch dokumentierte!<\/p>\n\n\n\n<h2 class=\"wp-block-heading alignfull has-text-align-center\" id=\"ein-aussergewohnliches-ereignis-the-hidden-art-project-die-komplette-palette-watt-en-schlick\">Techno &amp; Malen 26.4.2024 <br><br>im Raum Auf Zeit AS22<\/h2>\n\n\n\n<div class=\"wp-block-jetpack-tiled-gallery aligncenter is-style-rectangular\"><div class=\"\"><div class=\"tiled-gallery__gallery\"><div class=\"tiled-gallery__row\"><div class=\"tiled-gallery__col\" style=\"flex-basis:40.73459%\"><figure class=\"tiled-gallery__item\"><img decoding=\"async\" srcset=\"https:\/\/i0.wp.com\/www.raz-ol.de\/wp-content\/uploads\/A386BC6F-C4A5-483B-994A-AA9146238F42.jpg?strip=info&#038;w=600&#038;ssl=1 600w,https:\/\/i0.wp.com\/www.raz-ol.de\/wp-content\/uploads\/A386BC6F-C4A5-483B-994A-AA9146238F42.jpg?strip=info&#038;w=750&#038;ssl=1 750w\" alt=\"\" data-height=\"500\" data-id=\"2320\" data-link=\"https:\/\/www.raz-ol.de\/?attachment_id=2320\" data-url=\"https:\/\/www.raz-ol.de\/wp-content\/uploads\/A386BC6F-C4A5-483B-994A-AA9146238F42.jpg\" data-width=\"750\" src=\"https:\/\/i0.wp.com\/www.raz-ol.de\/wp-content\/uploads\/A386BC6F-C4A5-483B-994A-AA9146238F42.jpg?ssl=1\" data-amp-layout=\"responsive\"\/><\/figure><figure class=\"tiled-gallery__item\"><img decoding=\"async\" srcset=\"https:\/\/i1.wp.com\/www.raz-ol.de\/wp-content\/uploads\/88AAF401-80FB-4046-B72C-47C57594EE5D.jpg?strip=info&#038;w=600&#038;ssl=1 600w,https:\/\/i1.wp.com\/www.raz-ol.de\/wp-content\/uploads\/88AAF401-80FB-4046-B72C-47C57594EE5D.jpg?strip=info&#038;w=750&#038;ssl=1 750w\" alt=\"\" data-height=\"500\" data-id=\"2321\" data-link=\"https:\/\/www.raz-ol.de\/?attachment_id=2321\" data-url=\"https:\/\/www.raz-ol.de\/wp-content\/uploads\/88AAF401-80FB-4046-B72C-47C57594EE5D.jpg\" data-width=\"750\" src=\"https:\/\/i1.wp.com\/www.raz-ol.de\/wp-content\/uploads\/88AAF401-80FB-4046-B72C-47C57594EE5D.jpg?ssl=1\" data-amp-layout=\"responsive\"\/><\/figure><figure class=\"tiled-gallery__item\"><img decoding=\"async\" srcset=\"https:\/\/i1.wp.com\/www.raz-ol.de\/wp-content\/uploads\/2BC67737-4F7C-408E-8FC4-188104DECA57.jpg?strip=info&#038;w=600&#038;ssl=1 600w,https:\/\/i1.wp.com\/www.raz-ol.de\/wp-content\/uploads\/2BC67737-4F7C-408E-8FC4-188104DECA57.jpg?strip=info&#038;w=750&#038;ssl=1 750w\" alt=\"\" data-height=\"556\" data-id=\"2322\" data-link=\"https:\/\/www.raz-ol.de\/?attachment_id=2322\" data-url=\"https:\/\/www.raz-ol.de\/wp-content\/uploads\/2BC67737-4F7C-408E-8FC4-188104DECA57.jpg\" data-width=\"750\" src=\"https:\/\/i1.wp.com\/www.raz-ol.de\/wp-content\/uploads\/2BC67737-4F7C-408E-8FC4-188104DECA57.jpg?ssl=1\" data-amp-layout=\"responsive\"\/><\/figure><\/div><div class=\"tiled-gallery__col\" style=\"flex-basis:59.26541%\"><figure class=\"tiled-gallery__item\"><img decoding=\"async\" srcset=\"https:\/\/i1.wp.com\/www.raz-ol.de\/wp-content\/uploads\/09DA236E-9896-4E72-9260-16259D82266C.jpg?strip=info&#038;w=600&#038;ssl=1 600w,https:\/\/i1.wp.com\/www.raz-ol.de\/wp-content\/uploads\/09DA236E-9896-4E72-9260-16259D82266C.jpg?strip=info&#038;w=750&#038;ssl=1 750w\" alt=\"\" data-height=\"1082\" data-id=\"2323\" data-link=\"https:\/\/www.raz-ol.de\/?attachment_id=2323\" data-url=\"https:\/\/www.raz-ol.de\/wp-content\/uploads\/09DA236E-9896-4E72-9260-16259D82266C.jpg\" data-width=\"750\" src=\"https:\/\/i1.wp.com\/www.raz-ol.de\/wp-content\/uploads\/09DA236E-9896-4E72-9260-16259D82266C.jpg?ssl=1\" data-amp-layout=\"responsive\"\/><\/figure><\/div><\/div><div class=\"tiled-gallery__row\"><div class=\"tiled-gallery__col\" style=\"flex-basis:26.58828%\"><figure class=\"tiled-gallery__item\"><img decoding=\"async\" srcset=\"https:\/\/i1.wp.com\/www.raz-ol.de\/wp-content\/uploads\/0D9B04DE-9EBD-42F2-AFEF-DE2FDBC697CC.jpg?strip=info&#038;w=600&#038;ssl=1 600w,https:\/\/i1.wp.com\/www.raz-ol.de\/wp-content\/uploads\/0D9B04DE-9EBD-42F2-AFEF-DE2FDBC697CC.jpg?strip=info&#038;w=748&#038;ssl=1 748w\" alt=\"\" data-height=\"970\" data-id=\"2324\" data-link=\"https:\/\/www.raz-ol.de\/?attachment_id=2324\" data-url=\"https:\/\/www.raz-ol.de\/wp-content\/uploads\/0D9B04DE-9EBD-42F2-AFEF-DE2FDBC697CC.jpg\" data-width=\"748\" src=\"https:\/\/i1.wp.com\/www.raz-ol.de\/wp-content\/uploads\/0D9B04DE-9EBD-42F2-AFEF-DE2FDBC697CC.jpg?ssl=1\" data-amp-layout=\"responsive\"\/><\/figure><\/div><div class=\"tiled-gallery__col\" style=\"flex-basis:25.11520%\"><figure class=\"tiled-gallery__item\"><img decoding=\"async\" srcset=\"https:\/\/i2.wp.com\/www.raz-ol.de\/wp-content\/uploads\/E4B3AE6B-5D33-418F-9497-9669E77D7E72.jpg?strip=info&#038;w=600&#038;ssl=1 600w,https:\/\/i2.wp.com\/www.raz-ol.de\/wp-content\/uploads\/E4B3AE6B-5D33-418F-9497-9669E77D7E72.jpg?strip=info&#038;w=750&#038;ssl=1 750w\" alt=\"\" data-height=\"1030\" data-id=\"2326\" data-link=\"https:\/\/www.raz-ol.de\/?attachment_id=2326\" data-url=\"https:\/\/www.raz-ol.de\/wp-content\/uploads\/E4B3AE6B-5D33-418F-9497-9669E77D7E72.jpg\" data-width=\"750\" src=\"https:\/\/i2.wp.com\/www.raz-ol.de\/wp-content\/uploads\/E4B3AE6B-5D33-418F-9497-9669E77D7E72.jpg?ssl=1\" data-amp-layout=\"responsive\"\/><\/figure><\/div><div class=\"tiled-gallery__col\" style=\"flex-basis:48.29652%\"><figure class=\"tiled-gallery__item\"><img decoding=\"async\" srcset=\"https:\/\/i0.wp.com\/www.raz-ol.de\/wp-content\/uploads\/AE14989E-BA3C-4D42-8E9F-4D091645E97B.jpg?strip=info&#038;w=600&#038;ssl=1 600w,https:\/\/i0.wp.com\/www.raz-ol.de\/wp-content\/uploads\/AE14989E-BA3C-4D42-8E9F-4D091645E97B.jpg?strip=info&#038;w=750&#038;ssl=1 750w\" alt=\"\" data-height=\"534\" data-id=\"2327\" data-link=\"https:\/\/www.raz-ol.de\/?attachment_id=2327\" data-url=\"https:\/\/www.raz-ol.de\/wp-content\/uploads\/AE14989E-BA3C-4D42-8E9F-4D091645E97B.jpg\" data-width=\"750\" src=\"https:\/\/i0.wp.com\/www.raz-ol.de\/wp-content\/uploads\/AE14989E-BA3C-4D42-8E9F-4D091645E97B.jpg?ssl=1\" data-amp-layout=\"responsive\"\/><\/figure><\/div><\/div><\/div><\/div><\/div>\n\n\n\n<div style=\"height:70px\" aria-hidden=\"true\" class=\"wp-block-spacer\"><\/div>\n\n\n\n<p class=\"has-larger-font-size\">Noch mehr Infos zum Event gibt es hier im <a href=\"https:\/\/www.nwzonline.de\/oldenburg\/leerstands-nutzung-in-oldenburg-im-pelzwarengeschaeft-von-carl-willers-macht-raum-auf-zeit-neuen-treffpunkt-mit-atelier-und-aktionsabenden_a_4,1,979524114.html\" target=\"_blank\" rel=\"noopener\" title=\"\">Presseartikel&#8230;<\/a><\/p>\n\n\n\n<p style=\"font-size:22px\"><br><\/p>\n\n\n\n<hr class=\"wp-block-separator has-css-opacity\"\/>\n\n\n\n<div class=\"wp-block-buttons is-layout-flex wp-block-buttons-is-layout-flex\"><\/div>\n\n\n\n<hr class=\"wp-block-separator has-alpha-channel-opacity\"\/>\n\n\n\n<p>Here you can check out our review of use. 2022: <\/p>\n\n\n\n<figure class=\"wp-block-embed is-type-video is-provider-youtube wp-block-embed-youtube wp-embed-aspect-16-9 wp-has-aspect-ratio\"><div class=\"wp-block-embed__wrapper\">\n<iframe loading=\"lazy\" title=\"nutzen. - TV-Beitrag oeins\" width=\"580\" height=\"326\" src=\"https:\/\/www.youtube.com\/embed\/kEtd_cGE4SE?feature=oembed\" frameborder=\"0\" allow=\"accelerometer; autoplay; clipboard-write; encrypted-media; gyroscope; picture-in-picture; web-share\" referrerpolicy=\"strict-origin-when-cross-origin\" allowfullscreen><\/iframe>\n<\/div><\/figure>","protected":false},"excerpt":{"rendered":"<p>Er\u00f6ffnungsevent 26.04.2024RAUM AUF ZEIT II Achternstra\u00dfe 22 Von Februar bis Dezember 2024 hat RAUM AUF ZEIT den Leerstand Achternstr. 22 EG als zweiten Leerstand in der Innenstadt l\u00e4ngerfristig&hellip;<\/p>","protected":false},"author":7,"featured_media":0,"parent":1328,"menu_order":1,"comment_status":"closed","ping_status":"closed","template":"template-full-width.php","meta":{"inline_featured_image":false,"_monsterinsights_skip_tracking":false,"_monsterinsights_sitenote_active":false,"_monsterinsights_sitenote_note":"","_monsterinsights_sitenote_category":0,"footnotes":""},"class_list":["post-2319","page","type-page","status-publish","has-post-thumbnail","hentry"],"aioseo_notices":[],"jetpack_sharing_enabled":true,"_links":{"self":[{"href":"https:\/\/www.raz-ol.de\/en\/wp-json\/wp\/v2\/pages\/2319","targetHints":{"allow":["GET"]}}],"collection":[{"href":"https:\/\/www.raz-ol.de\/en\/wp-json\/wp\/v2\/pages"}],"about":[{"href":"https:\/\/www.raz-ol.de\/en\/wp-json\/wp\/v2\/types\/page"}],"author":[{"embeddable":true,"href":"https:\/\/www.raz-ol.de\/en\/wp-json\/wp\/v2\/users\/7"}],"replies":[{"embeddable":true,"href":"https:\/\/www.raz-ol.de\/en\/wp-json\/wp\/v2\/comments?post=2319"}],"version-history":[{"count":8,"href":"https:\/\/www.raz-ol.de\/en\/wp-json\/wp\/v2\/pages\/2319\/revisions"}],"predecessor-version":[{"id":2342,"href":"https:\/\/www.raz-ol.de\/en\/wp-json\/wp\/v2\/pages\/2319\/revisions\/2342"}],"up":[{"embeddable":true,"href":"https:\/\/www.raz-ol.de\/en\/wp-json\/wp\/v2\/pages\/1328"}],"wp:attachment":[{"href":"https:\/\/www.raz-ol.de\/en\/wp-json\/wp\/v2\/media?parent=2319"}],"curies":[{"name":"wp","href":"https:\/\/api.w.org\/{rel}","templated":true}]}}