{"id":2,"date":"2016-05-10T03:48:21","date_gmt":"2016-05-10T01:48:21","guid":{"rendered":"http:\/\/raz-ol.de\/?page_id=2"},"modified":"2026-02-18T11:16:47","modified_gmt":"2026-02-18T10:16:47","slug":"sample-page","status":"publish","type":"page","link":"https:\/\/www.raz-ol.de\/en\/","title":{"rendered":""},"content":{"rendered":"<div class=\"wp-block-buttons is-layout-flex wp-block-buttons-is-layout-flex\">\n<div class=\"wp-block-button\"><a class=\"wp-block-button__link wp-element-button\" href=\"https:\/\/www.raz-ol.de\/en\/suche\/\">Search for rooms<\/a><\/div>\n\n\n\n<div class=\"wp-block-button\"><a class=\"wp-block-button__link wp-element-button\" href=\"https:\/\/www.raz-ol.de\/en\/biete\/\">Report vacancy<\/a><\/div>\n\n\n\n<div class=\"wp-block-button\"><a class=\"wp-block-button__link wp-element-button\" href=\"https:\/\/www.raz-ol.de\/en\/schritte-zur-zwischennutzung\/\">Steps to interim use<\/a><\/div>\n<\/div>\n\n\n\n<h3 class=\"wp-block-heading\" id=\"moin-oldenburg\">MOIN OLDENBURG<\/h3>\n\n\n\n<p>Willkommen bei RAUM AUF ZEIT \u2013 eurem unabh\u00e4ngigen Projekt f\u00fcr kreative Zwischennutzungen in Oldenburg! <\/p>\n\n\n\n<p>Wir m\u00f6chten die Stadt zu einem lebendigen Ort des Austauschs und der Inspiration machen. Hier haben kreative K\u00f6pfe die M\u00f6glichkeit, ihre Ideen in tempor\u00e4ren R\u00e4umen zu verwirklichen und neue Begegnungen zu schaffen.<br><br>In einer wachsenden Stadt wie Oldenburg wird Wohnraum knapper, und viele Fl\u00e4chen stehen leer. Wir nutzen diese Leerst\u00e4nde, um einen positiven Mehrwert f\u00fcr Eigent\u00fcmer:innen, die Stadtgesellschaft und kreative K\u00f6pfe zu schaffen.<\/p>\n\n\n\n<h4 class=\"wp-block-heading\">How does interim use work at RAUM AUF ZEIT?<\/h4>\n\n\n\n<p>Wenn ihr einen Raum f\u00fcr euer Kulturprojekt sucht, seid ihr bei uns genau richtig! Meldet uns Leerst\u00e4nde, die ihr kennt, und nutzt unser <a href=\"https:\/\/www.raz-ol.de\/en\/suche\/\" target=\"_blank\" rel=\"noopener\" title=\"\">Formular RAUM SUCHE<\/a>, um eure Ideen einzureichen. Wir helfen euch, passende R\u00e4ume zu finden und unterst\u00fctzen euch bei der Vertragsgestaltung und Genehmigungen.<\/p>\n\n\n\n<div class=\"wp-block-buttons is-layout-flex wp-block-buttons-is-layout-flex\">\n<div class=\"wp-block-button\"><a class=\"wp-block-button__link wp-element-button\" href=\"https:\/\/www.raz-ol.de\/en\/suche\/\">Search for rooms<\/a><\/div>\n\n\n\n<div class=\"wp-block-button\"><a class=\"wp-block-button__link wp-element-button\" href=\"https:\/\/www.raz-ol.de\/en\/schritte-zur-zwischennutzung\/\">Steps to interim use<\/a><\/div>\n\n\n\n<div class=\"wp-block-button\"><a class=\"wp-block-button__link wp-element-button\" href=\"https:\/\/www.raz-ol.de\/en\/biete\/\">Report vacancy in city districts<\/a><\/div>\n<\/div>\n\n\n\n<p>Au\u00dferdem k\u00f6nnt ihr f\u00fcr euer Projekt <a href=\"https:\/\/www.raz-ol.de\/en\/schritte-zur-zwischennutzung\/\" target=\"_blank\" rel=\"noopener\" title=\"\">einen Antrag auf Kulturf\u00f6rderung<\/a> stellen, um die Kosten zu decken. Unsere Unterst\u00fctzung ist kostenlos, und wir bewerben eure Projekte gerne \u00fcber unsere Social Media Kan\u00e4le, sofern es den <a href=\"https:\/\/www.raz-ol.de\/wp-content\/uploads\/ETHISCHE-LEITLINIEN-UNSERER-ARBEIT_RAZ-S1.jpg\" target=\"_blank\" rel=\"noopener\" title=\"\">ethical guidelines<\/a> unserer Arbeit entspricht.<br><br>Habt ihr Fragen oder wollt mehr \u00fcber kreative Zwischennutzungen erfahren? Schaut euch auf der Website um und kontaktiert uns!<br><\/p>\n\n\n\n<p>Wir freuen uns auf eure Anfragen!<br>Euer Team von RAUM AUF ZEIT<\/p>\n\n\n\n<hr class=\"wp-block-separator has-alpha-channel-opacity\"\/>\n\n\n\n<div class=\"wp-block-buttons is-layout-flex wp-block-buttons-is-layout-flex\">\n<div class=\"wp-block-button is-style-fill\"><a class=\"wp-block-button__link has-primary-color has-text-color has-background has-link-color has-large-font-size has-custom-font-size wp-element-button\" style=\"border-radius:500px;background:linear-gradient(90deg,rgb(144,251,132) 0%,rgb(23,247,0) 100%)\"><strong>#gesucht:<\/strong> EHRENAMT<\/a><\/div>\n<\/div>\n\n\n\n<h3 class=\"wp-block-heading\"><a href=\"https:\/\/www.raz-ol.de\/en\/kontakt\/\" target=\"_blank\" rel=\"noopener\" title=\"\">Ehrenamt<\/a> bei raum auf zeit<\/h3>\n\n\n\n<p>Sei dabei und gestalte mit uns Kunst und Kultur! RAUM AUF ZEIT sucht engagierte Ehrenamtler:innen, die Freude daran haben, verschiedene kreative Projekte kennenzulernen, vorzustellen und Aufsichtszeiten in unseren R\u00e4umen zu \u00fcbernehmen. Gib Besucher:innen vor Ort spannende Einblicke in die vielf\u00e4ltigen Projekte und unterst\u00fctze die kulturbegeisterten Zwischennutzenden, die bei uns RAUM finden. Interessiert? Dann melde Dich gleich bei uns per Mail!<\/p>\n\n\n\n<hr class=\"wp-block-separator has-alpha-channel-opacity\"\/>\n\n\n\n<p>You want to learn more about creative temporary use at RAUM AUF ZEIT, temporary use ideas in general or PLACEMAKING? Then you can find more information on all these topics here!<\/p>\n\n\n\n<div class=\"wp-block-buttons is-layout-flex wp-block-buttons-is-layout-flex\">\n<div class=\"wp-block-button\"><a class=\"wp-block-button__link wp-element-button\" href=\"https:\/\/www.raz-ol.de\/en\/projekte-2\/\">current projects in ROOMS ON TIME<\/a><\/div>\n\n\n\n<div class=\"wp-block-button\"><a class=\"wp-block-button__link wp-element-button\" href=\"https:\/\/www.raz-ol.de\/en\/placemaking\/\">PLACEMAKING projects<\/a><\/div>\n\n\n\n<div class=\"wp-block-button\"><a class=\"wp-block-button__link wp-element-button\" href=\"https:\/\/www.raz-ol.de\/en\/weiterfuehrende-links\/\">Related links<\/a><\/div>\n<\/div>\n\n\n\n<p><\/p>\n\n\n\n<p>Greetings<\/p>\n\n\n\n<p>the team of RAUM AUF ZEIT&nbsp;<\/p>\n\n\n\n<p>RAUM AUF ZEIT has its office in the Poly-Haus (Am Stadtmuseum 15, 2nd upper floor)<\/p>\n\n\n\n<hr class=\"wp-block-separator has-css-opacity\"\/>\n\n\n<div class=\"wp-block-image\">\n<figure class=\"aligncenter size-full\"><a href=\"https:\/\/vielfaltvereint.de\/\"><img loading=\"lazy\" decoding=\"async\" width=\"1000\" height=\"333\" src=\"https:\/\/www.raz-ol.de\/wp-content\/uploads\/Vielfalt_Vereint_Oldenburg_logo-jpg.webp\" alt=\"\" class=\"wp-image-3007\" srcset=\"https:\/\/www.raz-ol.de\/wp-content\/uploads\/Vielfalt_Vereint_Oldenburg_logo-jpg.webp 1000w, https:\/\/www.raz-ol.de\/wp-content\/uploads\/Vielfalt_Vereint_Oldenburg_logo-jpg-300x100.webp 300w, https:\/\/www.raz-ol.de\/wp-content\/uploads\/Vielfalt_Vereint_Oldenburg_logo-jpg-150x50.webp 150w, https:\/\/www.raz-ol.de\/wp-content\/uploads\/Vielfalt_Vereint_Oldenburg_logo-jpg-768x256.webp 768w, https:\/\/www.raz-ol.de\/wp-content\/uploads\/Vielfalt_Vereint_Oldenburg_logo-jpg-18x6.webp 18w, https:\/\/www.raz-ol.de\/wp-content\/uploads\/Vielfalt_Vereint_Oldenburg_logo-jpg-540x180.webp 540w\" sizes=\"auto, (max-width: 1000px) 100vw, 1000px\" \/><\/a><\/figure>\n<\/div>\n\n\n<p>Gesicht zeigen f\u00fcr die Demokratie! Das Langzeitprojekt von Johannes Bichmann soll daran erinnern, dass Liebe immer st\u00e4rker ist als Hass und tritt f\u00fcr einen w\u00fcrdevollen und respektvollen Umgang miteinander unabh\u00e4ngig von Herkunft, Geschlecht oder sexueller Orientierung ein.&nbsp;<strong><a href=\"https:\/\/vielfaltvereint.de\/\" target=\"_blank\" rel=\"noopener\" title=\"\">VIELFALT VEREINT<\/a><\/strong> ist eine bunte Dauerdemo f\u00fcr Liebe und Solidarit\u00e4t &#8211; Sei dabei!<\/p>\n\n\n\n<p><strong>Ausstellung &amp; Foto-Termine:<\/strong> Aktuelle Termine &amp; Ausstellungsorte findet ihr <a href=\"https:\/\/vielfaltvereint.de\/\" target=\"_blank\" rel=\"noopener\" title=\"\">hier<\/a><\/p>\n\n\n\n<hr class=\"wp-block-separator has-alpha-channel-opacity\"\/>\n\n\n\n<p>More about us..<\/p>\n\n\n\n<div class=\"wp-block-buttons is-layout-flex wp-block-buttons-is-layout-flex\">\n<div class=\"wp-block-button is-style-outline is-style-outline--1\"><a class=\"wp-block-button__link wp-element-button\" href=\"https:\/\/www.raz-ol.de\/en\/unser-team\/\">Our team<\/a><\/div>\n\n\n\n<div class=\"wp-block-button is-style-outline is-style-outline--2\"><a class=\"wp-block-button__link wp-element-button\" href=\"https:\/\/www.raz-ol.de\/en\/biete\/\">Report vacancy in city districts<\/a><\/div>\n\n\n\n<div class=\"wp-block-button is-style-outline is-style-outline--3\"><a class=\"wp-block-button__link wp-element-button\" href=\"https:\/\/www.raz-ol.de\/en\/platz\/\">re:claim PLACE<\/a><\/div>\n<\/div>\n\n\n\n<figure class=\"wp-block-embed aligncenter is-type-video is-provider-youtube wp-block-embed-youtube wp-embed-aspect-16-9 wp-has-aspect-ratio\"><div class=\"wp-block-embed__wrapper\">\n<iframe loading=\"lazy\" title=\"From Oldenburg, Pia Wienholt &amp; Velat Agackiran of RAUM AUF ZEIT | Placemaking Week Europe 2024\" width=\"580\" height=\"326\" src=\"https:\/\/www.youtube.com\/embed\/cbmkKHDjW_g?feature=oembed\" frameborder=\"0\" allow=\"accelerometer; autoplay; clipboard-write; encrypted-media; gyroscope; picture-in-picture; web-share\" referrerpolicy=\"strict-origin-when-cross-origin\" allowfullscreen><\/iframe>\n<\/div><\/figure>\n\n\n\n<figure class=\"wp-block-embed is-type-video is-provider-youtube wp-block-embed-youtube wp-embed-aspect-16-9 wp-has-aspect-ratio\"><div class=\"wp-block-embed__wrapper\">\n<iframe loading=\"lazy\" title=\"Schaufenster Bildschirm RAZ MAIN v3\" width=\"580\" height=\"326\" src=\"https:\/\/www.youtube.com\/embed\/LyjKquPZDWI?feature=oembed\" frameborder=\"0\" allow=\"accelerometer; autoplay; clipboard-write; encrypted-media; gyroscope; picture-in-picture; web-share\" referrerpolicy=\"strict-origin-when-cross-origin\" allowfullscreen><\/iframe>\n<\/div><\/figure>\n\n\n\n<figure class=\"wp-block-embed is-type-video is-provider-youtube wp-block-embed-youtube wp-embed-aspect-16-9 wp-has-aspect-ratio\"><div class=\"wp-block-embed__wrapper\">\n<iframe loading=\"lazy\" title=\"KULTURSCHNACK: Folge 02 - Raum auf Zeit \/ Michael Hagemeister\" width=\"580\" height=\"326\" src=\"https:\/\/www.youtube.com\/embed\/rO1waXIixB8?feature=oembed\" frameborder=\"0\" allow=\"accelerometer; autoplay; clipboard-write; encrypted-media; gyroscope; picture-in-picture; web-share\" referrerpolicy=\"strict-origin-when-cross-origin\" allowfullscreen><\/iframe>\n<\/div><\/figure>\n\n\n\n<figure class=\"wp-block-embed is-type-video is-provider-youtube wp-block-embed-youtube wp-embed-aspect-16-9 wp-has-aspect-ratio\"><div class=\"wp-block-embed__wrapper\">\n<iframe loading=\"lazy\" title=\"nutzen. - TV-Beitrag oeins\" width=\"580\" height=\"326\" src=\"https:\/\/www.youtube.com\/embed\/kEtd_cGE4SE?feature=oembed\" frameborder=\"0\" allow=\"accelerometer; autoplay; clipboard-write; encrypted-media; gyroscope; picture-in-picture; web-share\" referrerpolicy=\"strict-origin-when-cross-origin\" allowfullscreen><\/iframe>\n<\/div><\/figure>\n\n\n\n<figure class=\"wp-block-embed is-type-video is-provider-youtube wp-block-embed-youtube wp-embed-aspect-16-9 wp-has-aspect-ratio\"><div class=\"wp-block-embed__wrapper\">\n<iframe loading=\"lazy\" title=\"re:claim - Jade HS\" width=\"580\" height=\"326\" src=\"https:\/\/www.youtube.com\/embed\/fFd-C5NWYwU?feature=oembed\" frameborder=\"0\" allow=\"accelerometer; autoplay; clipboard-write; encrypted-media; gyroscope; picture-in-picture; web-share\" referrerpolicy=\"strict-origin-when-cross-origin\" allowfullscreen><\/iframe>\n<\/div><\/figure>","protected":false},"excerpt":{"rendered":"<p>MOIN OLDENBURG Willkommen bei RAUM AUF ZEIT \u2013 eurem unabh\u00e4ngigen Projekt f\u00fcr kreative Zwischennutzungen in Oldenburg! Wir m\u00f6chten die Stadt zu einem lebendigen Ort des Austauschs und der&hellip;<\/p>","protected":false},"author":1,"featured_media":2866,"parent":0,"menu_order":0,"comment_status":"closed","ping_status":"closed","template":"template-full-width-cover.php","meta":{"inline_featured_image":false,"_monsterinsights_skip_tracking":false,"_monsterinsights_sitenote_active":false,"_monsterinsights_sitenote_note":"","_monsterinsights_sitenote_category":0,"footnotes":""},"class_list":["post-2","page","type-page","status-publish","has-post-thumbnail","hentry"],"aioseo_notices":[],"jetpack_sharing_enabled":true,"_links":{"self":[{"href":"https:\/\/www.raz-ol.de\/en\/wp-json\/wp\/v2\/pages\/2","targetHints":{"allow":["GET"]}}],"collection":[{"href":"https:\/\/www.raz-ol.de\/en\/wp-json\/wp\/v2\/pages"}],"about":[{"href":"https:\/\/www.raz-ol.de\/en\/wp-json\/wp\/v2\/types\/page"}],"author":[{"embeddable":true,"href":"https:\/\/www.raz-ol.de\/en\/wp-json\/wp\/v2\/users\/1"}],"replies":[{"embeddable":true,"href":"https:\/\/www.raz-ol.de\/en\/wp-json\/wp\/v2\/comments?post=2"}],"version-history":[{"count":116,"href":"https:\/\/www.raz-ol.de\/en\/wp-json\/wp\/v2\/pages\/2\/revisions"}],"predecessor-version":[{"id":3451,"href":"https:\/\/www.raz-ol.de\/en\/wp-json\/wp\/v2\/pages\/2\/revisions\/3451"}],"wp:featuredmedia":[{"embeddable":true,"href":"https:\/\/www.raz-ol.de\/en\/wp-json\/wp\/v2\/media\/2866"}],"wp:attachment":[{"href":"https:\/\/www.raz-ol.de\/en\/wp-json\/wp\/v2\/media?parent=2"}],"curies":[{"name":"wp","href":"https:\/\/api.w.org\/{rel}","templated":true}]}}