{"id":1733,"date":"2023-04-05T12:28:53","date_gmt":"2023-04-05T10:28:53","guid":{"rendered":"https:\/\/www.raz-ol.de\/?page_id=1733"},"modified":"2023-04-17T08:44:11","modified_gmt":"2023-04-17T06:44:11","slug":"nutzen2","status":"publish","type":"page","link":"https:\/\/www.raz-ol.de\/en\/placemaking\/nutzen2\/","title":{"rendered":"use II"},"content":{"rendered":"<h1 class=\"has-larger-font-size wp-block-heading\" id=\"tag-der-kreativen-zwischennutzung25-02-2022-kostenlos-anmeldung-unten\">OPEN DOOR DAY<\/h1>\n\n\n\n<h1 class=\"has-larger-font-size wp-block-heading\" id=\"tag-der-kreativen-zwischennutzung25-02-2022-kostenlos-anmeldung-unten\">creative interim use <br>21.04.2023 <\/h1>\n\n\n\n<p class=\"has-text-align-right has-larger-font-size\" id=\"pionier-innen-der-zwischennutzung-begegnung-offene-turen-aktueller-projekte-inspiration-austausch-after-show-party\"><\/p>\n\n\n\n<p class=\"has-text-align-right has-larger-font-size\" id=\"pionier-innen-der-zwischennutzung-begegnung-offene-turen-aktueller-projekte-inspiration-austausch-after-show-party\"><br><\/p>\n\n\n\n<h2 class=\"alignfull has-text-align-center wp-block-heading\" id=\"ein-aussergewohnliches-ereignis-the-hidden-art-project-die-komplette-palette-watt-en-schlick\">We have to cancel use II unfortunately!!!<\/h2>\n\n\n\n<h2 class=\"alignfull has-text-align-center wp-block-heading\" id=\"ein-aussergewohnliches-ereignis-the-hidden-art-project-die-komplette-palette-watt-en-schlick\">More information will follow.<br><\/h2>\n\n\n\n<div style=\"height:70px\" aria-hidden=\"true\" class=\"wp-block-spacer\"><\/div>\n\n\n\n<p class=\"has-larger-font-size\"><\/p>\n\n\n\n<p style=\"font-size:22px\"><br><\/p>\n\n\n\n<hr class=\"wp-block-separator has-css-opacity\"\/>\n\n\n\n<div class=\"wp-block-buttons is-layout-flex wp-block-buttons-is-layout-flex\"><\/div>\n\n\n\n<hr class=\"wp-block-separator has-alpha-channel-opacity\"\/>\n\n\n\n<p>Here you can check out our review of use. 2022: <\/p>\n\n\n\n<figure class=\"wp-block-embed is-type-video is-provider-youtube wp-block-embed-youtube wp-embed-aspect-16-9 wp-has-aspect-ratio\"><div class=\"wp-block-embed__wrapper\">\n<iframe loading=\"lazy\" title=\"nutzen. - TV-Beitrag oeins\" width=\"580\" height=\"326\" src=\"https:\/\/www.youtube.com\/embed\/kEtd_cGE4SE?feature=oembed\" frameborder=\"0\" allow=\"accelerometer; autoplay; clipboard-write; encrypted-media; gyroscope; picture-in-picture; web-share\" referrerpolicy=\"strict-origin-when-cross-origin\" allowfullscreen><\/iframe>\n<\/div><\/figure>","protected":false},"excerpt":{"rendered":"<p>Tag der OFFENEN T\u00dcR &#8211; kreative Zwischennutzung 21.04.2023 Wir m\u00fcssen nutzen II leider absagen!! Weitere informationen folgen. Hier kannst du dir unseren R\u00fcckblick auf nutzen. 2022 ansehen:<\/p>","protected":false},"author":1,"featured_media":1728,"parent":1328,"menu_order":2,"comment_status":"closed","ping_status":"closed","template":"template-full-width.php","meta":{"inline_featured_image":false,"_monsterinsights_skip_tracking":false,"_monsterinsights_sitenote_active":false,"_monsterinsights_sitenote_note":"","_monsterinsights_sitenote_category":0,"footnotes":""},"class_list":["post-1733","page","type-page","status-publish","has-post-thumbnail","hentry"],"aioseo_notices":[],"jetpack_sharing_enabled":true,"_links":{"self":[{"href":"https:\/\/www.raz-ol.de\/en\/wp-json\/wp\/v2\/pages\/1733","targetHints":{"allow":["GET"]}}],"collection":[{"href":"https:\/\/www.raz-ol.de\/en\/wp-json\/wp\/v2\/pages"}],"about":[{"href":"https:\/\/www.raz-ol.de\/en\/wp-json\/wp\/v2\/types\/page"}],"author":[{"embeddable":true,"href":"https:\/\/www.raz-ol.de\/en\/wp-json\/wp\/v2\/users\/1"}],"replies":[{"embeddable":true,"href":"https:\/\/www.raz-ol.de\/en\/wp-json\/wp\/v2\/comments?post=1733"}],"version-history":[{"count":4,"href":"https:\/\/www.raz-ol.de\/en\/wp-json\/wp\/v2\/pages\/1733\/revisions"}],"predecessor-version":[{"id":1750,"href":"https:\/\/www.raz-ol.de\/en\/wp-json\/wp\/v2\/pages\/1733\/revisions\/1750"}],"up":[{"embeddable":true,"href":"https:\/\/www.raz-ol.de\/en\/wp-json\/wp\/v2\/pages\/1328"}],"wp:featuredmedia":[{"embeddable":true,"href":"https:\/\/www.raz-ol.de\/en\/wp-json\/wp\/v2\/media\/1728"}],"wp:attachment":[{"href":"https:\/\/www.raz-ol.de\/en\/wp-json\/wp\/v2\/media?parent=1733"}],"curies":[{"name":"wp","href":"https:\/\/api.w.org\/{rel}","templated":true}]}}