{"id":1328,"date":"2022-10-13T14:07:22","date_gmt":"2022-10-13T12:07:22","guid":{"rendered":"https:\/\/www.raz-ol.de\/?page_id=1328"},"modified":"2023-09-14T14:02:21","modified_gmt":"2023-09-14T12:02:21","slug":"placemaking","status":"publish","type":"page","link":"https:\/\/www.raz-ol.de\/en\/placemaking\/","title":{"rendered":"Placemaking"},"content":{"rendered":"<div class=\"wp-block-buttons is-layout-flex wp-block-buttons-is-layout-flex\">\n<div class=\"wp-block-button\"><a class=\"wp-block-button__link wp-element-button\" href=\"https:\/\/www.raz-ol.de\/en\/platz\/\">re:claim PLACE<\/a><\/div>\n\n\n\n<div class=\"wp-block-button\"><a class=\"wp-block-button__link wp-element-button\" href=\"https:\/\/www.raz-ol.de\/en\/placemaking-2\/reclaim-the-city-x-jade-hochschule\/\">re:claim the city x<\/a><\/div>\n\n\n\n<div class=\"wp-block-button\"><a class=\"wp-block-button__link wp-element-button\" href=\"https:\/\/www.raz-ol.de\/en\/nutzen\/\">nutzen.-R\u00fcckblick<\/a><\/div>\n<\/div>\n\n\n\n<p>Unter dem Begriff \u201ePlacemaking\u201c versammeln sich Ideen und Ans\u00e4tze verschiedener und ineinander \u00fcbergreifender Fachrichtungen mit dem Ziel, Pl\u00e4tze f\u00fcr Menschen und nicht nur f\u00fcr Autos oder Einkaufszentren wahrzunehmen, weiterzudenken und auszugestalten. Es geht darum, Lebensr\u00e4ume zu erschaffen. Und darum \u00f6ffentliche Orte und Pl\u00e4tze als Begegnungs- und Nutzungsorte f\u00fcr die Anwohner:innen zug\u00e4nglich zu machen und die soziale und kulturelle Identit\u00e4t eines Ortes auszusch\u00f6pfen. Also im Grunde die Kunst<strong> <\/strong>to create together with the citizens of a city good places for the people living in a city....<\/p>\n\n\n\n<p>We collect here individual projects for you and us, which carry this thought and which are based on \"Placemaking\". We create these projects because we are convinced that a city can only become a city for all through the involvement of all citizens, which may be given expression and share.&nbsp;<\/p>\n\n\n\n<h4 class=\"wp-block-heading\">Make a Place!<\/h4>\n\n\n\n<p><\/p>\n\n\n\n<figure class=\"wp-block-image size-full\"><img loading=\"lazy\" decoding=\"async\" width=\"1080\" height=\"900\" src=\"https:\/\/www.raz-ol.de\/wp-content\/uploads\/FredKent.png\" alt=\"\" class=\"wp-image-1403\" srcset=\"https:\/\/www.raz-ol.de\/wp-content\/uploads\/FredKent.png 1080w, https:\/\/www.raz-ol.de\/wp-content\/uploads\/FredKent-300x250.png 300w, https:\/\/www.raz-ol.de\/wp-content\/uploads\/FredKent-150x125.png 150w, https:\/\/www.raz-ol.de\/wp-content\/uploads\/FredKent-768x640.png 768w, https:\/\/www.raz-ol.de\/wp-content\/uploads\/FredKent-540x450.png 540w\" sizes=\"auto, (max-width: 1080px) 100vw, 1080px\" \/><\/figure>\n\n\n\n<div style=\"height:100px\" aria-hidden=\"true\" class=\"wp-block-spacer\"><\/div>\n\n\n\n<h1 class=\"has-text-align-center wp-block-heading\">Placemaking is | Placemaking is not<\/h1>\n\n\n\n<div class=\"wp-block-columns is-layout-flex wp-container-core-columns-is-layout-9d6595d7 wp-block-columns-is-layout-flex\">\n<div class=\"wp-block-column is-layout-flow wp-block-column-is-layout-flow\">\n<div class=\"wp-block-columns is-layout-flex wp-container-core-columns-is-layout-9d6595d7 wp-block-columns-is-layout-flex\">\n<div class=\"wp-block-column is-layout-flow wp-block-column-is-layout-flow\">\n<ul class=\"wp-block-list\">\n<li>Create places that people like<br><br><\/li>\n\n\n\n<li>a participatory process<br><br><\/li>\n\n\n\n<li>designed for the people<br><br><\/li>\n\n\n\n<li>stimulating<br><br><\/li>\n\n\n\n<li>Create spaces that can grow, are resilient and sustainable<br><br><\/li>\n\n\n\n<li>vorausschauend und praktisch zugleich<br><br><\/li>\n\n\n\n<li>gemeinsam zu entwickeln und Problemen zu begegnen<br><br><\/li>\n\n\n\n<li>gemeinschaftsbildend<br><br><\/li>\n\n\n\n<li>inklusiv<br><br><\/li>\n\n\n\n<li>the survey of places according to accessibility, participation possibilities and quality of stay<br><br><\/li>\n\n\n\n<li>Sharing and giving responsibility<br><br><\/li>\n\n\n\n<li>Interdisciplinary and connecting<br><br><\/li>\n\n\n\n<li>&nbsp;is created for the city, community, neighborhood<br><br><\/li>\n\n\n\n<li>to consult and involve citizens in the creation of a square<\/li>\n<\/ul>\n<\/div>\n\n\n\n<div class=\"wp-block-column is-layout-flow wp-block-column-is-layout-flow\">\n<ul class=\"wp-block-list\">\n<li>Create places based on a master plan<br><br><\/li>\n\n\n\n<li>a controlled project<br><br><\/li>\n\n\n\n<li>designed for political projects or the form<br><br><\/li>\n\n\n\n<li>pretending<br><br><\/li>\n\n\n\n<li>&nbsp;Create spaces that are rigid, inflexible and subject to trends<br><br><\/li>\n\n\n\n<li>Generate purpose-driven results<br><br><\/li>\n\n\n\n<li>present a patent solution to problems<br><br><\/li>\n\n\n\n<li>isolated and hierarchical<br><br><\/li>\n\n\n\n<li>designed for the opinion of experts<br><br><\/li>\n\n\n\n<li>the acceptance of thresholds, exclusionary structures and deficient conditions<br><br><\/li>\n\n\n\n<li>controlling<br><br><br><\/li>\n\n\n\n<li>one-dimensional<br><br><br><\/li>\n\n\n\n<li>&nbsp;Enhancing an area, neighborhood or place to market the neighborhood in a way that increases profits<br><br><\/li>\n\n\n\n<li>again have a space created that is not used<\/li>\n<\/ul>\n<\/div>\n<\/div>\n<\/div>\n<\/div>\n\n\n\n<p>Still confused? PLACEMAKING is a broad field and a topic in many interdisciplinary areas. Here are a few examples and illustrations...<\/p>\n\n\n\n<p><\/p>\n\n\n\n<figure class=\"wp-block-gallery has-nested-images columns-default is-cropped wp-block-gallery-1 is-layout-flex wp-block-gallery-is-layout-flex\">\n<figure class=\"wp-block-image size-large\"><img loading=\"lazy\" decoding=\"async\" width=\"1600\" height=\"1236\" data-id=\"1684\" src=\"https:\/\/www.raz-ol.de\/wp-content\/uploads\/Placemaking-diagram_great-place-detail-PPS-public-space-1888349954-creativecommons.jpg\" alt=\"\" class=\"wp-image-1684\" srcset=\"https:\/\/www.raz-ol.de\/wp-content\/uploads\/Placemaking-diagram_great-place-detail-PPS-public-space-1888349954-creativecommons.jpg 1600w, https:\/\/www.raz-ol.de\/wp-content\/uploads\/Placemaking-diagram_great-place-detail-PPS-public-space-1888349954-creativecommons-300x232.jpg 300w, https:\/\/www.raz-ol.de\/wp-content\/uploads\/Placemaking-diagram_great-place-detail-PPS-public-space-1888349954-creativecommons-150x116.jpg 150w, https:\/\/www.raz-ol.de\/wp-content\/uploads\/Placemaking-diagram_great-place-detail-PPS-public-space-1888349954-creativecommons-768x593.jpg 768w, https:\/\/www.raz-ol.de\/wp-content\/uploads\/Placemaking-diagram_great-place-detail-PPS-public-space-1888349954-creativecommons-1536x1187.jpg 1536w, https:\/\/www.raz-ol.de\/wp-content\/uploads\/Placemaking-diagram_great-place-detail-PPS-public-space-1888349954-creativecommons-540x417.jpg 540w, https:\/\/www.raz-ol.de\/wp-content\/uploads\/Placemaking-diagram_great-place-detail-PPS-public-space-1888349954-creativecommons-1080x834.jpg 1080w\" sizes=\"auto, (max-width: 1600px) 100vw, 1600px\" \/><\/figure>\n\n\n\n<figure class=\"wp-block-image size-large\"><img loading=\"lazy\" decoding=\"async\" width=\"1024\" height=\"683\" data-id=\"1685\" src=\"https:\/\/www.raz-ol.de\/wp-content\/uploads\/48761570701_2a94701d58_b-1983446908-creativecommons.jpg\" alt=\"\" class=\"wp-image-1685\" srcset=\"https:\/\/www.raz-ol.de\/wp-content\/uploads\/48761570701_2a94701d58_b-1983446908-creativecommons.jpg 1024w, https:\/\/www.raz-ol.de\/wp-content\/uploads\/48761570701_2a94701d58_b-1983446908-creativecommons-300x200.jpg 300w, https:\/\/www.raz-ol.de\/wp-content\/uploads\/48761570701_2a94701d58_b-1983446908-creativecommons-150x100.jpg 150w, https:\/\/www.raz-ol.de\/wp-content\/uploads\/48761570701_2a94701d58_b-1983446908-creativecommons-768x512.jpg 768w, https:\/\/www.raz-ol.de\/wp-content\/uploads\/48761570701_2a94701d58_b-1983446908-creativecommons-540x360.jpg 540w\" sizes=\"auto, (max-width: 1024px) 100vw, 1024px\" \/><\/figure>\n\n\n\n<figure class=\"wp-block-image size-large\"><img loading=\"lazy\" decoding=\"async\" width=\"654\" height=\"305\" data-id=\"1686\" src=\"https:\/\/www.raz-ol.de\/wp-content\/uploads\/fabra-i-coats-2370172813-creativecommon-s.jpg\" alt=\"\" class=\"wp-image-1686\" srcset=\"https:\/\/www.raz-ol.de\/wp-content\/uploads\/fabra-i-coats-2370172813-creativecommon-s.jpg 654w, https:\/\/www.raz-ol.de\/wp-content\/uploads\/fabra-i-coats-2370172813-creativecommon-s-300x140.jpg 300w, https:\/\/www.raz-ol.de\/wp-content\/uploads\/fabra-i-coats-2370172813-creativecommon-s-150x70.jpg 150w, https:\/\/www.raz-ol.de\/wp-content\/uploads\/fabra-i-coats-2370172813-creativecommon-s-540x252.jpg 540w\" sizes=\"auto, (max-width: 654px) 100vw, 654px\" \/><\/figure>\n\n\n\n<figure class=\"wp-block-image size-large\"><img loading=\"lazy\" decoding=\"async\" width=\"620\" height=\"388\" data-id=\"1687\" src=\"https:\/\/www.raz-ol.de\/wp-content\/uploads\/004-3730362968-creativecommons.jpg\" alt=\"\" class=\"wp-image-1687\" srcset=\"https:\/\/www.raz-ol.de\/wp-content\/uploads\/004-3730362968-creativecommons.jpg 620w, https:\/\/www.raz-ol.de\/wp-content\/uploads\/004-3730362968-creativecommons-300x188.jpg 300w, https:\/\/www.raz-ol.de\/wp-content\/uploads\/004-3730362968-creativecommons-150x94.jpg 150w, https:\/\/www.raz-ol.de\/wp-content\/uploads\/004-3730362968-creativecommons-540x338.jpg 540w\" sizes=\"auto, (max-width: 620px) 100vw, 620px\" \/><\/figure>\n\n\n\n<figure class=\"wp-block-image size-large\"><img loading=\"lazy\" decoding=\"async\" width=\"2048\" height=\"1336\" data-id=\"1690\" src=\"https:\/\/www.raz-ol.de\/wp-content\/uploads\/The-Cloud-Gate-Holds-the-City-cc.jpg\" alt=\"\" class=\"wp-image-1690\" srcset=\"https:\/\/www.raz-ol.de\/wp-content\/uploads\/The-Cloud-Gate-Holds-the-City-cc.jpg 2048w, https:\/\/www.raz-ol.de\/wp-content\/uploads\/The-Cloud-Gate-Holds-the-City-cc-300x196.jpg 300w, https:\/\/www.raz-ol.de\/wp-content\/uploads\/The-Cloud-Gate-Holds-the-City-cc-150x98.jpg 150w, https:\/\/www.raz-ol.de\/wp-content\/uploads\/The-Cloud-Gate-Holds-the-City-cc-768x501.jpg 768w, https:\/\/www.raz-ol.de\/wp-content\/uploads\/The-Cloud-Gate-Holds-the-City-cc-1536x1002.jpg 1536w, https:\/\/www.raz-ol.de\/wp-content\/uploads\/The-Cloud-Gate-Holds-the-City-cc-540x352.jpg 540w, https:\/\/www.raz-ol.de\/wp-content\/uploads\/The-Cloud-Gate-Holds-the-City-cc-1080x705.jpg 1080w, https:\/\/www.raz-ol.de\/wp-content\/uploads\/The-Cloud-Gate-Holds-the-City-cc-1980x1292.jpg 1980w\" sizes=\"auto, (max-width: 2048px) 100vw, 2048px\" \/><\/figure>\n\n\n\n<figure class=\"wp-block-image size-large\"><img loading=\"lazy\" decoding=\"async\" width=\"474\" height=\"711\" data-id=\"1691\" src=\"https:\/\/www.raz-ol.de\/wp-content\/uploads\/Bryant-Park-New-York-City-cc.jpg\" alt=\"\" class=\"wp-image-1691\" srcset=\"https:\/\/www.raz-ol.de\/wp-content\/uploads\/Bryant-Park-New-York-City-cc.jpg 474w, https:\/\/www.raz-ol.de\/wp-content\/uploads\/Bryant-Park-New-York-City-cc-200x300.jpg 200w, https:\/\/www.raz-ol.de\/wp-content\/uploads\/Bryant-Park-New-York-City-cc-100x150.jpg 100w\" sizes=\"auto, (max-width: 474px) 100vw, 474px\" \/><\/figure>\n\n\n\n<figure class=\"wp-block-image size-large\"><img loading=\"lazy\" decoding=\"async\" width=\"924\" height=\"616\" data-id=\"1692\" src=\"https:\/\/www.raz-ol.de\/wp-content\/uploads\/Bostons-Adult-Playground-on-D-Street-cc.jpg\" alt=\"\" class=\"wp-image-1692\" srcset=\"https:\/\/www.raz-ol.de\/wp-content\/uploads\/Bostons-Adult-Playground-on-D-Street-cc.jpg 924w, https:\/\/www.raz-ol.de\/wp-content\/uploads\/Bostons-Adult-Playground-on-D-Street-cc-300x200.jpg 300w, https:\/\/www.raz-ol.de\/wp-content\/uploads\/Bostons-Adult-Playground-on-D-Street-cc-150x100.jpg 150w, https:\/\/www.raz-ol.de\/wp-content\/uploads\/Bostons-Adult-Playground-on-D-Street-cc-768x512.jpg 768w, https:\/\/www.raz-ol.de\/wp-content\/uploads\/Bostons-Adult-Playground-on-D-Street-cc-540x360.jpg 540w\" sizes=\"auto, (max-width: 924px) 100vw, 924px\" \/><\/figure>\n\n\n\n<figure class=\"wp-block-image size-large\"><img loading=\"lazy\" decoding=\"async\" width=\"499\" height=\"299\" data-id=\"1694\" src=\"https:\/\/www.raz-ol.de\/wp-content\/uploads\/Urban-Playground-Christchurch-NZ-cc0.jpg\" alt=\"\" class=\"wp-image-1694\" srcset=\"https:\/\/www.raz-ol.de\/wp-content\/uploads\/Urban-Playground-Christchurch-NZ-cc0.jpg 499w, https:\/\/www.raz-ol.de\/wp-content\/uploads\/Urban-Playground-Christchurch-NZ-cc0-300x180.jpg 300w, https:\/\/www.raz-ol.de\/wp-content\/uploads\/Urban-Playground-Christchurch-NZ-cc0-150x90.jpg 150w\" sizes=\"auto, (max-width: 499px) 100vw, 499px\" \/><\/figure>\n<\/figure>","protected":false},"excerpt":{"rendered":"<p>Unter dem Begriff \u201ePlacemaking\u201c versammeln sich Ideen und Ans\u00e4tze verschiedener und ineinander \u00fcbergreifender Fachrichtungen mit dem Ziel, Pl\u00e4tze f\u00fcr Menschen und nicht nur f\u00fcr Autos oder Einkaufszentren wahrzunehmen,&hellip;<\/p>","protected":false},"author":7,"featured_media":1402,"parent":0,"menu_order":7,"comment_status":"closed","ping_status":"closed","template":"template-full-width.php","meta":{"inline_featured_image":false,"_monsterinsights_skip_tracking":false,"_monsterinsights_sitenote_active":false,"_monsterinsights_sitenote_note":"","_monsterinsights_sitenote_category":0,"footnotes":""},"class_list":["post-1328","page","type-page","status-publish","has-post-thumbnail","hentry"],"aioseo_notices":[],"jetpack_sharing_enabled":true,"_links":{"self":[{"href":"https:\/\/www.raz-ol.de\/en\/wp-json\/wp\/v2\/pages\/1328","targetHints":{"allow":["GET"]}}],"collection":[{"href":"https:\/\/www.raz-ol.de\/en\/wp-json\/wp\/v2\/pages"}],"about":[{"href":"https:\/\/www.raz-ol.de\/en\/wp-json\/wp\/v2\/types\/page"}],"author":[{"embeddable":true,"href":"https:\/\/www.raz-ol.de\/en\/wp-json\/wp\/v2\/users\/7"}],"replies":[{"embeddable":true,"href":"https:\/\/www.raz-ol.de\/en\/wp-json\/wp\/v2\/comments?post=1328"}],"version-history":[{"count":40,"href":"https:\/\/www.raz-ol.de\/en\/wp-json\/wp\/v2\/pages\/1328\/revisions"}],"predecessor-version":[{"id":2015,"href":"https:\/\/www.raz-ol.de\/en\/wp-json\/wp\/v2\/pages\/1328\/revisions\/2015"}],"wp:featuredmedia":[{"embeddable":true,"href":"https:\/\/www.raz-ol.de\/en\/wp-json\/wp\/v2\/media\/1402"}],"wp:attachment":[{"href":"https:\/\/www.raz-ol.de\/en\/wp-json\/wp\/v2\/media?parent=1328"}],"curies":[{"name":"wp","href":"https:\/\/api.w.org\/{rel}","templated":true}]}}